{"id":2,"date":"2016-05-10T03:48:21","date_gmt":"2016-05-10T03:48:21","guid":{"rendered":"https:\/\/vitos.lu\/new\/?page_id=2"},"modified":"2026-05-11T16:10:53","modified_gmt":"2026-05-11T14:10:53","slug":"sample-page","status":"publish","type":"page","link":"https:\/\/vitos.lu\/new\/","title":{"rendered":""},"content":{"rendered":"\n<div style=\"height:25px\" aria-hidden=\"true\" class=\"wp-block-spacer\"><\/div>\n\n\n\n<figure class=\"wp-block-image size-large\" id=\"home\"><img loading=\"lazy\" decoding=\"async\" width=\"1024\" height=\"544\" src=\"https:\/\/vitos.lu\/new\/wp-content\/uploads\/2024\/11\/Vitos_RGB_neg-1024x544.png\" alt=\"\" class=\"wp-image-69\" srcset=\"https:\/\/vitos.lu\/new\/wp-content\/uploads\/2024\/11\/Vitos_RGB_neg-1024x544.png 1024w, https:\/\/vitos.lu\/new\/wp-content\/uploads\/2024\/11\/Vitos_RGB_neg-300x159.png 300w, https:\/\/vitos.lu\/new\/wp-content\/uploads\/2024\/11\/Vitos_RGB_neg-768x408.png 768w, https:\/\/vitos.lu\/new\/wp-content\/uploads\/2024\/11\/Vitos_RGB_neg-1536x816.png 1536w, https:\/\/vitos.lu\/new\/wp-content\/uploads\/2024\/11\/Vitos_RGB_neg.png 1945w\" sizes=\"auto, (max-width: 1024px) 100vw, 1024px\" \/><\/figure>\n\n\n\n<p class=\"has-text-align-center\">201, route d&#8217;Arlon L-8011 Strassen<\/p>\n\n\n\n<hr class=\"wp-block-separator has-alpha-channel-opacity\" style=\"margin-top:var(--wp--preset--spacing--30);margin-bottom:var(--wp--preset--spacing--30)\"\/>\n\n\n\n<hr class=\"wp-block-separator has-alpha-channel-opacity\"\/>\n\n\n\n<h2 class=\"wp-block-heading\">Notre formule midi (12 -14 mai)<\/h2>\n\n\n\n<p class=\"has-text-align-left has-medium-font-size\">Plat:<br> &#8211; Filet de bar du Nil, polenta aux l\u00e9gumes et sauce aux olives <em>ou<\/em> Raviolis au cime di rape e pecorino<br><strong>Dessert:<\/strong><br> &#8211; Tarte aux pommes et glace vanille <em>ou<\/em> Affogato al caff\u00e9<br><strong>21.50\u20ac<\/strong><\/p>\n\n\n\n<hr class=\"wp-block-separator has-alpha-channel-opacity\" style=\"margin-top:var(--wp--preset--spacing--30);margin-bottom:var(--wp--preset--spacing--30)\"\/>\n\n\n\n<h2 class=\"wp-block-heading\">Notre restaurant:<\/h2>\n\n\n\n<figure class=\"wp-block-gallery has-nested-images columns-2 is-cropped wp-block-gallery-1 is-layout-flex wp-block-gallery-is-layout-flex\">\n<figure class=\"wp-block-image size-large\"><img loading=\"lazy\" decoding=\"async\" width=\"768\" height=\"1024\" data-id=\"75\" src=\"https:\/\/vitos.lu\/new\/wp-content\/uploads\/2024\/11\/PHOTO-2024-11-17-12-20-10-768x1024.jpg\" alt=\"\" class=\"wp-image-75\" srcset=\"https:\/\/vitos.lu\/new\/wp-content\/uploads\/2024\/11\/PHOTO-2024-11-17-12-20-10-768x1024.jpg 768w, https:\/\/vitos.lu\/new\/wp-content\/uploads\/2024\/11\/PHOTO-2024-11-17-12-20-10-225x300.jpg 225w, https:\/\/vitos.lu\/new\/wp-content\/uploads\/2024\/11\/PHOTO-2024-11-17-12-20-10.jpg 960w\" sizes=\"auto, (max-width: 768px) 100vw, 768px\" \/><\/figure>\n\n\n\n<figure class=\"wp-block-image size-large\"><img loading=\"lazy\" decoding=\"async\" width=\"1024\" height=\"768\" data-id=\"76\" src=\"https:\/\/vitos.lu\/new\/wp-content\/uploads\/2024\/11\/IMG_2690-1-1024x768.jpeg\" alt=\"\" class=\"wp-image-76\" srcset=\"https:\/\/vitos.lu\/new\/wp-content\/uploads\/2024\/11\/IMG_2690-1-1024x768.jpeg 1024w, https:\/\/vitos.lu\/new\/wp-content\/uploads\/2024\/11\/IMG_2690-1-300x225.jpeg 300w, https:\/\/vitos.lu\/new\/wp-content\/uploads\/2024\/11\/IMG_2690-1-768x576.jpeg 768w, https:\/\/vitos.lu\/new\/wp-content\/uploads\/2024\/11\/IMG_2690-1.jpeg 1280w\" sizes=\"auto, (max-width: 1024px) 100vw, 1024px\" \/><\/figure>\n\n\n\n<figure class=\"wp-block-image size-large\"><img loading=\"lazy\" decoding=\"async\" width=\"819\" height=\"1024\" data-id=\"72\" src=\"https:\/\/vitos.lu\/new\/wp-content\/uploads\/2024\/11\/WhatsApp-Image-2024-11-17-at-12.20.05-819x1024.jpeg\" alt=\"\" class=\"wp-image-72\" srcset=\"https:\/\/vitos.lu\/new\/wp-content\/uploads\/2024\/11\/WhatsApp-Image-2024-11-17-at-12.20.05-819x1024.jpeg 819w, https:\/\/vitos.lu\/new\/wp-content\/uploads\/2024\/11\/WhatsApp-Image-2024-11-17-at-12.20.05-240x300.jpeg 240w, https:\/\/vitos.lu\/new\/wp-content\/uploads\/2024\/11\/WhatsApp-Image-2024-11-17-at-12.20.05-768x960.jpeg 768w, https:\/\/vitos.lu\/new\/wp-content\/uploads\/2024\/11\/WhatsApp-Image-2024-11-17-at-12.20.05-1229x1536.jpeg 1229w, https:\/\/vitos.lu\/new\/wp-content\/uploads\/2024\/11\/WhatsApp-Image-2024-11-17-at-12.20.05.jpeg 1620w\" sizes=\"auto, (max-width: 819px) 100vw, 819px\" \/><\/figure>\n\n\n\n<figure class=\"wp-block-image size-large\"><img loading=\"lazy\" decoding=\"async\" width=\"768\" height=\"1024\" data-id=\"73\" src=\"https:\/\/vitos.lu\/new\/wp-content\/uploads\/2024\/11\/WhatsApp-Image-2024-11-17-at-12.20.02-768x1024.jpeg\" alt=\"\" class=\"wp-image-73\" srcset=\"https:\/\/vitos.lu\/new\/wp-content\/uploads\/2024\/11\/WhatsApp-Image-2024-11-17-at-12.20.02-768x1024.jpeg 768w, https:\/\/vitos.lu\/new\/wp-content\/uploads\/2024\/11\/WhatsApp-Image-2024-11-17-at-12.20.02-225x300.jpeg 225w, https:\/\/vitos.lu\/new\/wp-content\/uploads\/2024\/11\/WhatsApp-Image-2024-11-17-at-12.20.02-1152x1536.jpeg 1152w, https:\/\/vitos.lu\/new\/wp-content\/uploads\/2024\/11\/WhatsApp-Image-2024-11-17-at-12.20.02-1536x2048.jpeg 1536w, https:\/\/vitos.lu\/new\/wp-content\/uploads\/2024\/11\/WhatsApp-Image-2024-11-17-at-12.20.02-scaled.jpeg 1920w\" sizes=\"auto, (max-width: 768px) 100vw, 768px\" \/><\/figure>\n\n\n\n<figure class=\"wp-block-image size-large\"><img loading=\"lazy\" decoding=\"async\" width=\"1024\" height=\"566\" data-id=\"77\" src=\"https:\/\/vitos.lu\/new\/wp-content\/uploads\/2024\/11\/IMG_2675-1024x566.jpg\" alt=\"\" class=\"wp-image-77\" srcset=\"https:\/\/vitos.lu\/new\/wp-content\/uploads\/2024\/11\/IMG_2675-1024x566.jpg 1024w, https:\/\/vitos.lu\/new\/wp-content\/uploads\/2024\/11\/IMG_2675-300x166.jpg 300w, https:\/\/vitos.lu\/new\/wp-content\/uploads\/2024\/11\/IMG_2675-768x424.jpg 768w, https:\/\/vitos.lu\/new\/wp-content\/uploads\/2024\/11\/IMG_2675.jpg 1280w\" sizes=\"auto, (max-width: 1024px) 100vw, 1024px\" \/><\/figure>\n<\/figure>\n\n\n\n<hr class=\"wp-block-separator has-alpha-channel-opacity\"\/>\n\n\n\n<h2 class=\"wp-block-heading\" id=\"heures\">Nos heures d&#8217;ouvertures:<\/h2>\n\n\n\n<figure class=\"wp-block-table is-style-regular has-medium-font-size\"><table style=\"border-style:none;border-width:0px\"><tbody><tr><td class=\"has-text-align-left\" data-align=\"left\">Lundi<\/td><td>ferm\u00e9<\/td><\/tr><tr><td class=\"has-text-align-left\" data-align=\"left\">Mardi<\/td><td>11h \u00e0 23h<\/td><\/tr><tr><td class=\"has-text-align-left\" data-align=\"left\">Mercredi<\/td><td>11h \u00e0 23h<\/td><\/tr><tr><td class=\"has-text-align-left\" data-align=\"left\">Jeudi<\/td><td>11h \u00e0 23h<\/td><\/tr><tr><td class=\"has-text-align-left\" data-align=\"left\">Vendredi<\/td><td>11h \u00e0 23h<\/td><\/tr><tr><td class=\"has-text-align-left\" data-align=\"left\">Samedi<\/td><td>18h \u00e0 23h<\/td><\/tr><tr><td class=\"has-text-align-left\" data-align=\"left\">Dimanche<\/td><td>ferm\u00e9<\/td><\/tr><\/tbody><\/table><\/figure>\n\n\n\n<hr class=\"wp-block-separator has-alpha-channel-opacity\" style=\"margin-top:var(--wp--preset--spacing--30);margin-bottom:var(--wp--preset--spacing--30)\"\/>\n\n\n\n<h2 class=\"wp-block-heading\" id=\"carte\">Notre carte:<\/h2>\n\n\n\n<p><\/p>\n\n\n\n<p><\/p>\n\n\n\n<p><\/p>\n\n\n\n<h3 class=\"wp-block-heading\">\u00c0 partager avec votre Aperitivo<\/h3>\n\n\n\n<ul class=\"wp-block-list has-small-font-size\">\n<li>Scampis frits, sauce tha\u00ef (4 pi\u00e8ces)<\/li>\n\n\n\n<li>Planche mixte de jambon ib\u00e9rique, fromage italien et tartare de tomates<\/li>\n\n\n\n<li>Mini ViTo&#8217;s Burger (2 pi\u00e8ces)<\/li>\n\n\n\n<li>Pinsa tomates, mozzarella et roquette<\/li>\n\n\n\n<li>Pinsa \u00e0 la truffe et son carpaccio d&#8217;artichaut<\/li>\n<\/ul>\n\n\n\n<h3 class=\"wp-block-heading\">Pour commencer<\/h3>\n\n\n\n<ul class=\"wp-block-list has-small-font-size\">\n<li>Salade Caesar<\/li>\n\n\n\n<li>Carpaccio de boeuf ViTo&#8217;s<\/li>\n\n\n\n<li>Scampis spicy au basilic tha\u00ef<\/li>\n\n\n\n<li>Tartare de boeuf classique<\/li>\n\n\n\n<li>Tartare de saumon et fromage de ch\u00e8vre frais fa\u00e7on cr\u00e8me br\u00fbl\u00e9e<\/li>\n\n\n\n<li>Burrata et son duo de tomates fra\u00eeches marin\u00e9es \u00e0 la sarriette<\/li>\n<\/ul>\n\n\n\n<h3 class=\"wp-block-heading\">D\u00e9tour par l&#8217;Italie<\/h3>\n\n\n\n<ul class=\"wp-block-list has-small-font-size\">\n<li>Paccheri frais all&#8217;amatriciana di mare au thon frais<\/li>\n\n\n\n<li>La v\u00e9ritable Carbonara<\/li>\n\n\n\n<li>Notre Carbonara \u00e0 la truffe<\/li>\n\n\n\n<li>Pappardelle aux pointes de filet de boeuf<\/li>\n\n\n\n<li>Risotto Cacio e Pepe<\/li>\n\n\n\n<li>Risotto aux truffes<\/li>\n<\/ul>\n\n\n\n<h3 class=\"wp-block-heading\">Les Signatures du ViTo&#8217;s<\/h3>\n\n\n\n<ul class=\"wp-block-list has-small-font-size\">\n<li>ViTo&#8217;s Burger<\/li>\n\n\n\n<li>Veggi Burger<\/li>\n\n\n\n<li>Tigre qui pleure<\/li>\n\n\n\n<li>Tagliata de boeuf<\/li>\n\n\n\n<li>Presa de porc ib\u00e9rique<\/li>\n\n\n\n<li>Bouch\u00e9e \u00e0 la reine maison<\/li>\n\n\n\n<li>Entrec\u00f4te d&#8217;Argentine<\/li>\n\n\n\n<li>Mi-cuit de Saumon fa\u00e7on Teriyaki<\/li>\n\n\n\n<li>Tataki de thon rouge<\/li>\n<\/ul>\n\n\n\n<h3 class=\"wp-block-heading\">Pour nos Bambini<\/h3>\n\n\n\n<ul class=\"wp-block-list has-small-font-size\">\n<li>Bouch\u00e9e maison, frites<\/li>\n\n\n\n<li>Burger ViTo&#8217;s, frites<\/li>\n\n\n\n<li>Pasta Napoletana<\/li>\n<\/ul>\n\n\n\n<h3 class=\"wp-block-heading\">Terminer en douceur<\/h3>\n\n\n\n<ul class=\"wp-block-list has-small-font-size\">\n<li>Moelleux au chocolat<\/li>\n\n\n\n<li>Caf\u00e9 glac\u00e9&nbsp;<\/li>\n\n\n\n<li>Tiramisu ViTo&#8217;s<\/li>\n\n\n\n<li>Dame blanche<\/li>\n\n\n\n<li>Caf\u00e9 gourmand<\/li>\n\n\n\n<li>Champagne gourmand<\/li>\n\n\n\n<li>Digestif gourmand<\/li>\n\n\n\n<li>Affogato al caff\u00e8<\/li>\n\n\n\n<li>Tartelette printani\u00e8re<\/li>\n<\/ul>\n\n\n\n<hr class=\"wp-block-separator has-alpha-channel-opacity\" style=\"margin-top:var(--wp--preset--spacing--30);margin-bottom:var(--wp--preset--spacing--30)\"\/>\n\n\n\n<h2 class=\"wp-block-heading\" id=\"contact\">Contactez-nous:<\/h2>\n\n\n\n<p>Par email: <a href=\"mailto:moien@vitos.lu\">moien@vitos.lu<\/a><br>Par t\u00e9l\u00e9phone: <a href=\"tel:\/\/+35226262590\">+352 2 626 2590<\/a><br>Adresse: <a href=\"https:\/\/www.google.com\/maps\/place\/Vito's+Aperitivo+%26+Ristorante\/@49.6201034,6.0696921,865m\/data=!3m2!1e3!4b1!4m6!3m5!1s0x47954dd543abbe57:0xce28b0bf13be7508!8m2!3d49.6201!4d6.072267!16s%2Fg%2F11vy5dn99t?entry=tts&amp;g_ep=EgoyMDI0MTExMy4xIPu8ASoASAFQAw%3D%3D\" target=\"_blank\" rel=\"noreferrer noopener\">201, route d&#8217;Arlon L-8011 Strassen<\/a><\/p>\n\n\n\n<hr class=\"wp-block-separator has-alpha-channel-opacity\" style=\"margin-top:var(--wp--preset--spacing--30);margin-bottom:var(--wp--preset--spacing--30)\"\/>\n\n\n\n<h2 class=\"wp-block-heading\" id=\"parking\">Parkings \u00e0 proximit\u00e9:<\/h2>\n\n\n\n<figure class=\"wp-block-image size-large has-custom-border\"><img loading=\"lazy\" decoding=\"async\" width=\"948\" height=\"1024\" src=\"https:\/\/vitos.lu\/new\/wp-content\/uploads\/2024\/12\/parking_new-948x1024.jpg\" alt=\"\" class=\"has-border-color wp-image-102\" style=\"border-color:#565656;border-width:3px;border-radius:42px\" srcset=\"https:\/\/vitos.lu\/new\/wp-content\/uploads\/2024\/12\/parking_new-948x1024.jpg 948w, https:\/\/vitos.lu\/new\/wp-content\/uploads\/2024\/12\/parking_new-278x300.jpg 278w, https:\/\/vitos.lu\/new\/wp-content\/uploads\/2024\/12\/parking_new-768x830.jpg 768w, https:\/\/vitos.lu\/new\/wp-content\/uploads\/2024\/12\/parking_new-1422x1536.jpg 1422w, https:\/\/vitos.lu\/new\/wp-content\/uploads\/2024\/12\/parking_new.jpg 1535w\" sizes=\"auto, (max-width: 948px) 100vw, 948px\" \/><\/figure>\n\n\n\n<p><br><br><br><br><br><\/p>\n\n\n\n<p><\/p>\n","protected":false},"excerpt":{"rendered":"<p>201, route d&#8217;Arlon L-8011 Strassen Notre formule midi (12 -14 mai) Plat: &#8211; Filet de bar du Nil, polenta aux l\u00e9gumes et sauce aux olives ou Raviolis au cime di rape e pecorinoDessert: &#8211; Tarte aux pommes et glace vanille ou Affogato al caff\u00e921.50\u20ac Notre restaurant: Nos heures d&#8217;ouvertures: Lundi ferm\u00e9 Mardi 11h \u00e0 23h [&hellip;]<\/p>\n","protected":false},"author":1,"featured_media":9,"parent":0,"menu_order":0,"comment_status":"closed","ping_status":"open","template":"page-no-title","meta":{"footnotes":""},"class_list":["post-2","page","type-page","status-publish","has-post-thumbnail","hentry"],"_links":{"self":[{"href":"https:\/\/vitos.lu\/new\/wp-json\/wp\/v2\/pages\/2","targetHints":{"allow":["GET"]}}],"collection":[{"href":"https:\/\/vitos.lu\/new\/wp-json\/wp\/v2\/pages"}],"about":[{"href":"https:\/\/vitos.lu\/new\/wp-json\/wp\/v2\/types\/page"}],"author":[{"embeddable":true,"href":"https:\/\/vitos.lu\/new\/wp-json\/wp\/v2\/users\/1"}],"replies":[{"embeddable":true,"href":"https:\/\/vitos.lu\/new\/wp-json\/wp\/v2\/comments?post=2"}],"version-history":[{"count":86,"href":"https:\/\/vitos.lu\/new\/wp-json\/wp\/v2\/pages\/2\/revisions"}],"predecessor-version":[{"id":219,"href":"https:\/\/vitos.lu\/new\/wp-json\/wp\/v2\/pages\/2\/revisions\/219"}],"wp:featuredmedia":[{"embeddable":true,"href":"https:\/\/vitos.lu\/new\/wp-json\/wp\/v2\/media\/9"}],"wp:attachment":[{"href":"https:\/\/vitos.lu\/new\/wp-json\/wp\/v2\/media?parent=2"}],"curies":[{"name":"wp","href":"https:\/\/api.w.org\/{rel}","templated":true}]}}